{"id":80,"date":"2023-03-27T19:26:55","date_gmt":"2023-03-27T17:26:55","guid":{"rendered":"http:\/\/gites34.net\/?page_id=80"},"modified":"2023-04-29T08:08:50","modified_gmt":"2023-04-29T06:08:50","slug":"contacts","status":"publish","type":"page","link":"https:\/\/gites34.net\/index.php\/contacts\/","title":{"rendered":"Contacts et r\u00e9servations"},"content":{"rendered":"\n<p>Nous vous invitons \u00e0 nous contacter par SMS ou t\u00e9l\u00e9phone, en pr\u00e9cisant le g\u00eete et la semaine souhait\u00e9e.<\/p>\n\n\n\n<p>06 01 96 93 30<\/p>\n\n\n\n<p>Laure et Vincent <\/p>\n","protected":false},"excerpt":{"rendered":"<p>Nous vous invitons \u00e0 nous contacter par SMS ou t\u00e9l\u00e9phone, en pr\u00e9cisant le g\u00eete et la semaine souhait\u00e9e. 06 01 96 93 30 Laure et Vincent<\/p>\n","protected":false},"author":1,"featured_media":0,"parent":0,"menu_order":6,"comment_status":"closed","ping_status":"closed","template":"","meta":{"footnotes":""},"class_list":["post-80","page","type-page","status-publish","hentry"],"_links":{"self":[{"href":"https:\/\/gites34.net\/index.php\/wp-json\/wp\/v2\/pages\/80","targetHints":{"allow":["GET"]}}],"collection":[{"href":"https:\/\/gites34.net\/index.php\/wp-json\/wp\/v2\/pages"}],"about":[{"href":"https:\/\/gites34.net\/index.php\/wp-json\/wp\/v2\/types\/page"}],"author":[{"embeddable":true,"href":"https:\/\/gites34.net\/index.php\/wp-json\/wp\/v2\/users\/1"}],"replies":[{"embeddable":true,"href":"https:\/\/gites34.net\/index.php\/wp-json\/wp\/v2\/comments?post=80"}],"version-history":[{"count":7,"href":"https:\/\/gites34.net\/index.php\/wp-json\/wp\/v2\/pages\/80\/revisions"}],"predecessor-version":[{"id":155,"href":"https:\/\/gites34.net\/index.php\/wp-json\/wp\/v2\/pages\/80\/revisions\/155"}],"wp:attachment":[{"href":"https:\/\/gites34.net\/index.php\/wp-json\/wp\/v2\/media?parent=80"}],"curies":[{"name":"wp","href":"https:\/\/api.w.org\/{rel}","templated":true}]}}