{"id":68,"date":"2023-03-27T19:20:32","date_gmt":"2023-03-27T17:20:32","guid":{"rendered":"http:\/\/gites34.net\/?page_id=68"},"modified":"2023-04-16T15:07:10","modified_gmt":"2023-04-16T13:07:10","slug":"accueil","status":"publish","type":"page","link":"https:\/\/gites34.net\/index.php\/accueil\/","title":{"rendered":"Nos g\u00eetes"},"content":{"rendered":"\n<div class=\"wp-block-columns has-medium-font-size is-layout-flex wp-container-core-columns-is-layout-c6bc58be wp-block-columns-is-layout-flex\" style=\"border-style:none;border-width:0px;border-radius:0px;padding-top:0px;padding-right:0px;padding-bottom:0px;padding-left:0px\">\n<div class=\"wp-block-column is-layout-flow wp-block-column-is-layout-flow\" style=\"flex-basis:100%\">\n<p>Nous vous accueillons dans le charmant village de Saint-Privat, sous les contreforts du Larzac et \u00e0 proximit\u00e9 de sites prestigieux (Lac du Salagou, Cirque de Navacelles, Saint-Guilhem le D\u00e9sert\u2026)<\/p>\n<\/div>\n<\/div>\n\n\n\n<figure class=\"wp-block-gallery alignwide has-nested-images columns-default is-cropped wp-block-gallery-1 is-layout-flex wp-block-gallery-is-layout-flex\">\n<figure class=\"wp-block-image size-large\"><a href=\"https:\/\/gites34.net\/index.php\/la-vigne\/\"><img loading=\"lazy\" decoding=\"async\" width=\"1024\" height=\"576\" data-id=\"57\" src=\"https:\/\/gites34.net\/wp-content\/uploads\/2023\/03\/2020_Exterieur-1024x576.jpg\" alt=\"La Vigne (2\/4 pers.)\" class=\"wp-image-57\" srcset=\"https:\/\/gites34.net\/wp-content\/uploads\/2023\/03\/2020_Exterieur-1024x576.jpg 1024w, https:\/\/gites34.net\/wp-content\/uploads\/2023\/03\/2020_Exterieur-300x169.jpg 300w, https:\/\/gites34.net\/wp-content\/uploads\/2023\/03\/2020_Exterieur-768x432.jpg 768w, https:\/\/gites34.net\/wp-content\/uploads\/2023\/03\/2020_Exterieur-1536x864.jpg 1536w, https:\/\/gites34.net\/wp-content\/uploads\/2023\/03\/2020_Exterieur-2048x1152.jpg 2048w\" sizes=\"auto, (max-width: 1024px) 100vw, 1024px\" \/><\/a><figcaption class=\"wp-element-caption\">La Vigne (2\/4 pers.)<\/figcaption><\/figure>\n\n\n\n<figure class=\"wp-block-image size-large\"><a href=\"https:\/\/gites34.net\/index.php\/la-remise\/\"><img loading=\"lazy\" decoding=\"async\" width=\"1024\" height=\"576\" data-id=\"42\" src=\"https:\/\/gites34.net\/wp-content\/uploads\/2023\/03\/Ext_Facade-1024x576.jpg\" alt=\"La Remise (6 pers)\" class=\"wp-image-42\" srcset=\"https:\/\/gites34.net\/wp-content\/uploads\/2023\/03\/Ext_Facade-1024x576.jpg 1024w, https:\/\/gites34.net\/wp-content\/uploads\/2023\/03\/Ext_Facade-300x169.jpg 300w, https:\/\/gites34.net\/wp-content\/uploads\/2023\/03\/Ext_Facade-768x432.jpg 768w, https:\/\/gites34.net\/wp-content\/uploads\/2023\/03\/Ext_Facade-1536x864.jpg 1536w, https:\/\/gites34.net\/wp-content\/uploads\/2023\/03\/Ext_Facade-2048x1152.jpg 2048w\" sizes=\"auto, (max-width: 1024px) 100vw, 1024px\" \/><\/a><figcaption class=\"wp-element-caption\">La Remise (6 pers)<\/figcaption><\/figure>\n<\/figure>\n\n\n\n<div class=\"wp-block-columns is-layout-flex wp-container-core-columns-is-layout-28f84493 wp-block-columns-is-layout-flex\">\n<div class=\"wp-block-column is-layout-flow wp-block-column-is-layout-flow\" style=\"flex-basis:33.33%\">\n<figure class=\"wp-block-image size-large is-resized\"><img loading=\"lazy\" decoding=\"async\" src=\"https:\/\/gites34.net\/wp-content\/uploads\/2023\/03\/Gites_de_France_logo.svg_-1024x1024.png\" alt=\"\" class=\"wp-image-92\" width=\"148\" height=\"148\" srcset=\"https:\/\/gites34.net\/wp-content\/uploads\/2023\/03\/Gites_de_France_logo.svg_.png 1024w, https:\/\/gites34.net\/wp-content\/uploads\/2023\/03\/Gites_de_France_logo.svg_-300x300.png 300w, https:\/\/gites34.net\/wp-content\/uploads\/2023\/03\/Gites_de_France_logo.svg_-150x150.png 150w, https:\/\/gites34.net\/wp-content\/uploads\/2023\/03\/Gites_de_France_logo.svg_-768x768.png 768w\" sizes=\"auto, (max-width: 148px) 100vw, 148px\" \/><\/figure>\n\n\n\n<figure class=\"wp-block-image size-full is-resized\"><img loading=\"lazy\" decoding=\"async\" src=\"https:\/\/gites34.net\/wp-content\/uploads\/2023\/03\/meuble_tour3.jpg\" alt=\"\" class=\"wp-image-95\" width=\"165\" height=\"165\" srcset=\"https:\/\/gites34.net\/wp-content\/uploads\/2023\/03\/meuble_tour3.jpg 650w, https:\/\/gites34.net\/wp-content\/uploads\/2023\/03\/meuble_tour3-300x300.jpg 300w, https:\/\/gites34.net\/wp-content\/uploads\/2023\/03\/meuble_tour3-150x150.jpg 150w\" sizes=\"auto, (max-width: 165px) 100vw, 165px\" \/><\/figure>\n<\/div>\n\n\n\n<div class=\"wp-block-column is-vertically-aligned-center is-layout-flow wp-block-column-is-layout-flow\" style=\"flex-basis:66.66%\">\n<figure class=\"wp-block-image size-full is-resized\"><img loading=\"lazy\" decoding=\"async\" src=\"https:\/\/gites34.net\/wp-content\/uploads\/2023\/03\/005.jpg\" alt=\"\" class=\"wp-image-90\" width=\"342\" height=\"342\" srcset=\"https:\/\/gites34.net\/wp-content\/uploads\/2023\/03\/005.jpg 427w, https:\/\/gites34.net\/wp-content\/uploads\/2023\/03\/005-300x300.jpg 300w, https:\/\/gites34.net\/wp-content\/uploads\/2023\/03\/005-150x150.jpg 150w\" sizes=\"auto, (max-width: 342px) 100vw, 342px\" \/><\/figure>\n<\/div>\n<\/div>\n\n\n\n<ul class=\"wp-block-social-links is-layout-flex wp-block-social-links-is-layout-flex\"><\/ul>\n","protected":false},"excerpt":{"rendered":"<p>Nous vous accueillons dans le charmant village de Saint-Privat, sous les contreforts du Larzac et \u00e0 proximit\u00e9 de sites prestigieux (Lac du Salagou, Cirque de Navacelles, Saint-Guilhem le D\u00e9sert\u2026)<\/p>\n","protected":false},"author":1,"featured_media":0,"parent":0,"menu_order":1,"comment_status":"closed","ping_status":"closed","template":"","meta":{"footnotes":""},"class_list":["post-68","page","type-page","status-publish","hentry"],"_links":{"self":[{"href":"https:\/\/gites34.net\/index.php\/wp-json\/wp\/v2\/pages\/68","targetHints":{"allow":["GET"]}}],"collection":[{"href":"https:\/\/gites34.net\/index.php\/wp-json\/wp\/v2\/pages"}],"about":[{"href":"https:\/\/gites34.net\/index.php\/wp-json\/wp\/v2\/types\/page"}],"author":[{"embeddable":true,"href":"https:\/\/gites34.net\/index.php\/wp-json\/wp\/v2\/users\/1"}],"replies":[{"embeddable":true,"href":"https:\/\/gites34.net\/index.php\/wp-json\/wp\/v2\/comments?post=68"}],"version-history":[{"count":15,"href":"https:\/\/gites34.net\/index.php\/wp-json\/wp\/v2\/pages\/68\/revisions"}],"predecessor-version":[{"id":149,"href":"https:\/\/gites34.net\/index.php\/wp-json\/wp\/v2\/pages\/68\/revisions\/149"}],"wp:attachment":[{"href":"https:\/\/gites34.net\/index.php\/wp-json\/wp\/v2\/media?parent=68"}],"curies":[{"name":"wp","href":"https:\/\/api.w.org\/{rel}","templated":true}]}}