{"id":11,"date":"2023-03-25T19:02:56","date_gmt":"2023-03-25T18:02:56","guid":{"rendered":"http:\/\/gites34.net\/?page_id=11"},"modified":"2023-04-15T08:55:18","modified_gmt":"2023-04-15T06:55:18","slug":"la-remise","status":"publish","type":"page","link":"https:\/\/gites34.net\/index.php\/la-remise\/","title":{"rendered":"La Remise (6 pers.)"},"content":{"rendered":"\n<p>Situ\u00e9&nbsp;au coeur&nbsp;du village typique de Saint-Privat, sur les contreforts du Larzac, maison sur un \u00e9tage de 79 m\u00b2 construite en pierre de gr\u00e8s de pays, mitoyenne au logement des propri\u00e9taires. <\/p>\n\n\n\n<p>L&rsquo;h\u00e9bergement&nbsp;comporte au&nbsp;rez de chauss\u00e9e&nbsp;une pi\u00e8ce de vie principale de 30 m\u00b2&nbsp;comprenant un&nbsp;coin salon avec TV, un espace salle \u00e0 manger avec chemin\u00e9e et un coin cuisine tout \u00e9quip\u00e9. Salle d&rsquo;eau avec WC.&nbsp;Cour privative&nbsp;attenante \u00e0 la pi\u00e8ce de vie avec salon de jardin, barbecue et une place de parking s\u00e9curis\u00e9e. <\/p>\n\n\n\n<p>A l&rsquo;\u00e9tage: 3 chambres (dont 2 avec 1 lit 140X190cm, la 3\u00e8me avec 2 lits 90X190cm et un lit b\u00e9b\u00e9). <\/p>\n\n\n\n<p>WIFI. Terrasse donnant sur un vaste terrain arbor\u00e9 partag\u00e9 commun avec 2 autres g\u00eetes et comprenant une balan\u00e7oire.<\/p>\n\n\n\n<figure class=\"wp-block-gallery alignwide has-nested-images columns-default is-cropped wp-block-gallery-1 is-layout-flex wp-block-gallery-is-layout-flex\">\n<figure class=\"wp-block-image size-large\"><a href=\"https:\/\/gites34.net\/wp-content\/uploads\/2023\/03\/Ext_Facade-scaled.jpg\"><img loading=\"lazy\" decoding=\"async\" width=\"1024\" height=\"576\" data-id=\"42\" src=\"https:\/\/gites34.net\/wp-content\/uploads\/2023\/03\/Ext_Facade-1024x576.jpg\" alt=\"\" class=\"wp-image-42\" srcset=\"https:\/\/gites34.net\/wp-content\/uploads\/2023\/03\/Ext_Facade-1024x576.jpg 1024w, https:\/\/gites34.net\/wp-content\/uploads\/2023\/03\/Ext_Facade-300x169.jpg 300w, https:\/\/gites34.net\/wp-content\/uploads\/2023\/03\/Ext_Facade-768x432.jpg 768w, https:\/\/gites34.net\/wp-content\/uploads\/2023\/03\/Ext_Facade-1536x864.jpg 1536w, https:\/\/gites34.net\/wp-content\/uploads\/2023\/03\/Ext_Facade-2048x1152.jpg 2048w\" sizes=\"auto, (max-width: 1024px) 100vw, 1024px\" \/><\/a><figcaption class=\"wp-element-caption\">Cour int\u00e9rieure<\/figcaption><\/figure>\n\n\n\n<figure class=\"wp-block-image size-large\"><a href=\"https:\/\/gites34.net\/wp-content\/uploads\/2023\/03\/Ext_Salon.jpg\"><img loading=\"lazy\" decoding=\"async\" width=\"1024\" height=\"576\" data-id=\"45\" src=\"https:\/\/gites34.net\/wp-content\/uploads\/2023\/03\/Ext_Salon-1024x576.jpg\" alt=\"\" class=\"wp-image-45\" srcset=\"https:\/\/gites34.net\/wp-content\/uploads\/2023\/03\/Ext_Salon-1024x576.jpg 1024w, https:\/\/gites34.net\/wp-content\/uploads\/2023\/03\/Ext_Salon-300x169.jpg 300w, https:\/\/gites34.net\/wp-content\/uploads\/2023\/03\/Ext_Salon-768x432.jpg 768w, https:\/\/gites34.net\/wp-content\/uploads\/2023\/03\/Ext_Salon-1536x864.jpg 1536w, https:\/\/gites34.net\/wp-content\/uploads\/2023\/03\/Ext_Salon.jpg 1588w\" sizes=\"auto, (max-width: 1024px) 100vw, 1024px\" \/><\/a><figcaption class=\"wp-element-caption\">Salon de jardin<\/figcaption><\/figure>\n\n\n\n<figure class=\"wp-block-image size-large\"><a href=\"https:\/\/gites34.net\/wp-content\/uploads\/2023\/03\/2019_SalleaManger-scaled.jpg\"><img loading=\"lazy\" decoding=\"async\" width=\"1024\" height=\"576\" data-id=\"49\" src=\"https:\/\/gites34.net\/wp-content\/uploads\/2023\/03\/2019_SalleaManger-1024x576.jpg\" alt=\"\" class=\"wp-image-49\" srcset=\"https:\/\/gites34.net\/wp-content\/uploads\/2023\/03\/2019_SalleaManger-1024x576.jpg 1024w, https:\/\/gites34.net\/wp-content\/uploads\/2023\/03\/2019_SalleaManger-300x169.jpg 300w, https:\/\/gites34.net\/wp-content\/uploads\/2023\/03\/2019_SalleaManger-768x432.jpg 768w, https:\/\/gites34.net\/wp-content\/uploads\/2023\/03\/2019_SalleaManger-1536x864.jpg 1536w, https:\/\/gites34.net\/wp-content\/uploads\/2023\/03\/2019_SalleaManger-2048x1152.jpg 2048w\" sizes=\"auto, (max-width: 1024px) 100vw, 1024px\" \/><\/a><figcaption class=\"wp-element-caption\">Pi\u00e8ce principale<\/figcaption><\/figure>\n\n\n\n<figure class=\"wp-block-image size-large\"><a href=\"https:\/\/gites34.net\/wp-content\/uploads\/2023\/03\/chambre1.jpg\"><img loading=\"lazy\" decoding=\"async\" width=\"998\" height=\"698\" data-id=\"43\" src=\"https:\/\/gites34.net\/wp-content\/uploads\/2023\/03\/chambre1.jpg\" alt=\"\" class=\"wp-image-43\" srcset=\"https:\/\/gites34.net\/wp-content\/uploads\/2023\/03\/chambre1.jpg 998w, https:\/\/gites34.net\/wp-content\/uploads\/2023\/03\/chambre1-300x210.jpg 300w, https:\/\/gites34.net\/wp-content\/uploads\/2023\/03\/chambre1-768x537.jpg 768w\" sizes=\"auto, (max-width: 998px) 100vw, 998px\" \/><\/a><figcaption class=\"wp-element-caption\">Chambre 1<\/figcaption><\/figure>\n\n\n\n<figure class=\"wp-block-image size-large\"><a href=\"https:\/\/gites34.net\/wp-content\/uploads\/2023\/03\/chambre2.jpg\"><img loading=\"lazy\" decoding=\"async\" width=\"1000\" height=\"700\" data-id=\"44\" src=\"https:\/\/gites34.net\/wp-content\/uploads\/2023\/03\/chambre2.jpg\" alt=\"\" class=\"wp-image-44\" srcset=\"https:\/\/gites34.net\/wp-content\/uploads\/2023\/03\/chambre2.jpg 1000w, https:\/\/gites34.net\/wp-content\/uploads\/2023\/03\/chambre2-300x210.jpg 300w, https:\/\/gites34.net\/wp-content\/uploads\/2023\/03\/chambre2-768x538.jpg 768w\" sizes=\"auto, (max-width: 1000px) 100vw, 1000px\" \/><\/a><figcaption class=\"wp-element-caption\">Chambre 2<\/figcaption><\/figure>\n\n\n\n<figure class=\"wp-block-image size-large\"><a href=\"https:\/\/gites34.net\/wp-content\/uploads\/2023\/03\/chambre3-scaled.jpg\"><img loading=\"lazy\" decoding=\"async\" width=\"1024\" height=\"576\" data-id=\"46\" src=\"https:\/\/gites34.net\/wp-content\/uploads\/2023\/03\/chambre3-1024x576.jpg\" alt=\"\" class=\"wp-image-46\" srcset=\"https:\/\/gites34.net\/wp-content\/uploads\/2023\/03\/chambre3-1024x576.jpg 1024w, https:\/\/gites34.net\/wp-content\/uploads\/2023\/03\/chambre3-300x169.jpg 300w, https:\/\/gites34.net\/wp-content\/uploads\/2023\/03\/chambre3-768x432.jpg 768w, https:\/\/gites34.net\/wp-content\/uploads\/2023\/03\/chambre3-1536x864.jpg 1536w, https:\/\/gites34.net\/wp-content\/uploads\/2023\/03\/chambre3-2048x1152.jpg 2048w\" sizes=\"auto, (max-width: 1024px) 100vw, 1024px\" \/><\/a><figcaption class=\"wp-element-caption\">Chambre 3<\/figcaption><\/figure>\n\n\n\n<figure class=\"wp-block-image size-large\"><a href=\"https:\/\/gites34.net\/wp-content\/uploads\/2023\/03\/plan_rdc.jpg\"><img loading=\"lazy\" decoding=\"async\" width=\"550\" height=\"385\" data-id=\"50\" src=\"https:\/\/gites34.net\/wp-content\/uploads\/2023\/03\/plan_rdc.jpg\" alt=\"\" class=\"wp-image-50\" srcset=\"https:\/\/gites34.net\/wp-content\/uploads\/2023\/03\/plan_rdc.jpg 550w, https:\/\/gites34.net\/wp-content\/uploads\/2023\/03\/plan_rdc-300x210.jpg 300w\" sizes=\"auto, (max-width: 550px) 100vw, 550px\" \/><\/a><figcaption class=\"wp-element-caption\">Plan RdC<\/figcaption><\/figure>\n\n\n\n<figure class=\"wp-block-image size-large\"><a href=\"https:\/\/gites34.net\/wp-content\/uploads\/2023\/03\/plan_1et.jpg\"><img loading=\"lazy\" decoding=\"async\" width=\"550\" height=\"332\" data-id=\"48\" src=\"https:\/\/gites34.net\/wp-content\/uploads\/2023\/03\/plan_1et.jpg\" alt=\"\" class=\"wp-image-48\" srcset=\"https:\/\/gites34.net\/wp-content\/uploads\/2023\/03\/plan_1et.jpg 550w, https:\/\/gites34.net\/wp-content\/uploads\/2023\/03\/plan_1et-300x181.jpg 300w\" sizes=\"auto, (max-width: 550px) 100vw, 550px\" \/><\/a><figcaption class=\"wp-element-caption\">Plan \u00e9tage<\/figcaption><\/figure>\n\n\n\n<figure class=\"wp-block-image size-large\"><a href=\"https:\/\/gites34.net\/wp-content\/uploads\/2023\/03\/2013-10-05-135137.jpg\"><img loading=\"lazy\" decoding=\"async\" width=\"1024\" height=\"768\" data-id=\"41\" src=\"https:\/\/gites34.net\/wp-content\/uploads\/2023\/03\/2013-10-05-135137-1024x768.jpg\" alt=\"\" class=\"wp-image-41\" srcset=\"https:\/\/gites34.net\/wp-content\/uploads\/2023\/03\/2013-10-05-135137-1024x768.jpg 1024w, https:\/\/gites34.net\/wp-content\/uploads\/2023\/03\/2013-10-05-135137-300x225.jpg 300w, https:\/\/gites34.net\/wp-content\/uploads\/2023\/03\/2013-10-05-135137-768x576.jpg 768w, https:\/\/gites34.net\/wp-content\/uploads\/2023\/03\/2013-10-05-135137-1536x1152.jpg 1536w, https:\/\/gites34.net\/wp-content\/uploads\/2023\/03\/2013-10-05-135137.jpg 2000w\" sizes=\"auto, (max-width: 1024px) 100vw, 1024px\" \/><\/a><figcaption class=\"wp-element-caption\">Balan\u00e7oire<\/figcaption><\/figure>\n<\/figure>\n\n\n\n<p>Nous situer :<\/p>\n\n\n<p><iframe src=\"https:\/\/www.google.com\/maps\/embed?pb=!1m18!1m12!1m3!1d180.1216268359352!2d3.4245032851925803!3d43.753217518717676!2m3!1f0!2f0!3f0!3m2!1i1024!2i768!4f13.1!3m3!1m2!1s0x12b3e00eb16d2a2d%3A0xc907295dc429622d!2zR8OudGUgIkxhIFJlbWlzZSI!5e0!3m2!1sfr!2sfr!4v1681541638920!5m2!1sfr!2sfr\" width=\"600\" height=\"450\" style=\"border:0;\" allowfullscreen=\"\" loading=\"lazy\" referrerpolicy=\"no-referrer-when-downgrade\"><\/iframe><\/p>\n","protected":false},"excerpt":{"rendered":"<p>Situ\u00e9&nbsp;au coeur&nbsp;du village typique de Saint-Privat, sur les contreforts du Larzac, maison sur un \u00e9tage de 79 m\u00b2 construite en pierre de gr\u00e8s de pays, mitoyenne au logement des propri\u00e9taires. L&rsquo;h\u00e9bergement&nbsp;comporte au&nbsp;rez de chauss\u00e9e&nbsp;une pi\u00e8ce de vie principale de 30 m\u00b2&nbsp;comprenant un&nbsp;coin salon avec TV, un espace salle \u00e0 manger avec chemin\u00e9e et un coin [&hellip;]<\/p>\n","protected":false},"author":1,"featured_media":0,"parent":0,"menu_order":3,"comment_status":"closed","ping_status":"closed","template":"","meta":{"footnotes":""},"class_list":["post-11","page","type-page","status-publish","hentry"],"_links":{"self":[{"href":"https:\/\/gites34.net\/index.php\/wp-json\/wp\/v2\/pages\/11","targetHints":{"allow":["GET"]}}],"collection":[{"href":"https:\/\/gites34.net\/index.php\/wp-json\/wp\/v2\/pages"}],"about":[{"href":"https:\/\/gites34.net\/index.php\/wp-json\/wp\/v2\/types\/page"}],"author":[{"embeddable":true,"href":"https:\/\/gites34.net\/index.php\/wp-json\/wp\/v2\/users\/1"}],"replies":[{"embeddable":true,"href":"https:\/\/gites34.net\/index.php\/wp-json\/wp\/v2\/comments?post=11"}],"version-history":[{"count":7,"href":"https:\/\/gites34.net\/index.php\/wp-json\/wp\/v2\/pages\/11\/revisions"}],"predecessor-version":[{"id":141,"href":"https:\/\/gites34.net\/index.php\/wp-json\/wp\/v2\/pages\/11\/revisions\/141"}],"wp:attachment":[{"href":"https:\/\/gites34.net\/index.php\/wp-json\/wp\/v2\/media?parent=11"}],"curies":[{"name":"wp","href":"https:\/\/api.w.org\/{rel}","templated":true}]}}